{"id":1311,"date":"2019-10-17T16:33:04","date_gmt":"2019-10-17T16:33:04","guid":{"rendered":"https:\/\/khveitingar.is\/hauloft-8-haed\/"},"modified":"2019-11-26T13:46:04","modified_gmt":"2019-11-26T13:46:04","slug":"hauloft-8-floor","status":"publish","type":"page","link":"https:\/\/khveitingar.is\/en\/hauloft-8-floor\/","title":{"rendered":"H\u00e1uloft &#8211; Seated: 80 people"},"content":{"rendered":"<p><section  id=\"section-69d2c8a6d01c5\" class=\" fw-main-row-custom fw-main-row-top fw-section-no-padding fw-content-overlay-custom auto  fw-section-position-back tf-sh-fb504b100a851dfe38ba5ee429001702 about-bg-overlap-responsive\"  style=\"  margin-bottom:-930px; \"  >\n\t\t\t<div class=\"fw-container-fluid\" >\n\t\t<div class=\"fw-row\">\n\t<div id=\"column-69d2c8a6d0608\" class=\"fw-tablet-hide-element fw-col-sm-3 fw-mobile-hide-element tf-sh-88485dc4b081e250b5b7a83503f981bf  fw-col-no-padding\" >\n\t<div class=\"fw-wrap-col-inner clearfix  \"   >\n\t\t\t\t<div class=\"fw-col-inner\">\n\t\t\t\n\t\n\t\t<div class=\"fw-block-image-parent  \"  style=\"width: 100%; \">\n\t\t\t<span class=\"fw-block-image-child fw-noratio fw-ratio-container\">\n\t\t\t\t<noscript itemscope itemtype=\"https:\/\/schema.org\/ImageObject\" itemprop=\"image\"><img decoding=\"async\" src=\"https:\/\/khveitingar.is\/wp-content\/uploads\/2019\/10\/haaloft-2.jpg\"  alt=\"H\u00e1aloft\" data-maxdpr=\"1.7\" class=\"lazyload\" \/><meta itemprop=\"url\" content=\"https:\/\/khveitingar.is\/wp-content\/uploads\/2019\/10\/haaloft-2.jpg\"><meta itemprop=\"width\" content=\"455\"><meta itemprop=\"height\" content=\"958\"><\/noscript><img decoding=\"async\" src=\"data:image\/gif;base64,R0lGODlhAQABAIAAAAAAAP\/\/\/yH5BAEAAAAALAAAAAABAAEAAAIBRAA7\" data-sizes=\"auto\" data-srcset=\"https:\/\/khveitingar.is\/wp-content\/uploads\/2019\/10\/haaloft-2.jpg\"   alt=\"H\u00e1aloft\" data-maxdpr=\"1.7\" class=\"lazyload\" \/><span class=\"fw-after-no-ratio\" style=\"padding-bottom: 210.54945054945%\"><\/span>\t\t\t\t\t\t\t<\/span>\n\t\t<\/div>\n\n\t\n\t\t<\/div>\n\t<\/div>\n<\/div><div id=\"column-69d2c8a6d2a3d\" class=\"fw-col-sm-6 fw-mobile-hide-element tf-sh-b80022b9c8497b01d912159720716e2c  fw-col-no-padding\" >\n\t<div class=\"fw-wrap-col-inner clearfix  \"   >\n\t\t\t\t<div class=\"fw-col-inner\">\n\t\t\t<div class=\"fw-divider-space space-sm  clearfix\"  ><\/div>\t\t<\/div>\n\t<\/div>\n<\/div><div id=\"column-69d2c8a6d3c55\" class=\"fw-col-sm-3 tf-sh-17c63bcc33c7928008db73a9566da4c6  fw-col-no-padding\" >\n\t<div class=\"fw-wrap-col-inner clearfix  \"   >\n\t\t\t\t<div class=\"fw-col-inner\">\n\t\t\t\n\t\n\t\t<div class=\"fw-block-image-parent  \"  style=\"width: 100%; \">\n\t\t\t<span class=\"fw-block-image-child fw-noratio fw-ratio-container\">\n\t\t\t\t<noscript itemscope itemtype=\"https:\/\/schema.org\/ImageObject\" itemprop=\"image\"><img decoding=\"async\" src=\"https:\/\/khveitingar.is\/wp-content\/uploads\/2019\/11\/hauloft.jpg\"  alt=\"H\u00e1uloft\" data-maxdpr=\"1.7\" class=\"lazyload\" \/><meta itemprop=\"url\" content=\"https:\/\/khveitingar.is\/wp-content\/uploads\/2019\/11\/hauloft.jpg\"><meta itemprop=\"width\" content=\"455\"><meta itemprop=\"height\" content=\"958\"><\/noscript><img decoding=\"async\" src=\"data:image\/gif;base64,R0lGODlhAQABAIAAAAAAAP\/\/\/yH5BAEAAAAALAAAAAABAAEAAAIBRAA7\" data-sizes=\"auto\" data-srcset=\"https:\/\/khveitingar.is\/wp-content\/uploads\/2019\/11\/hauloft.jpg\"   alt=\"H\u00e1uloft\" data-maxdpr=\"1.7\" class=\"lazyload\" \/><span class=\"fw-after-no-ratio\" style=\"padding-bottom: 210.54945054945%\"><\/span>\t\t\t\t\t\t\t<\/span>\n\t\t<\/div>\n\n\t\n<div class=\"fw-divider-space  fw-custom-space  clearfix\" style=\"height:5px;\" ><\/div>\t\t<\/div>\n\t<\/div>\n<\/div><\/div>\n\n\t<\/div>\n\t<\/section><section  id=\"section-69d2c8a6d46dc\" class=\" fw-main-row-custom fw-section-no-padding  auto  fw-section-position-back tf-sh-78e553488755b241166b6da623e0cf53 \"  style=\"   \"  >\n\t\t\t<div class=\"fw-container-fluid\" >\n\t\t<div class=\"fw-row\">\n\t<div id=\"column-69d2c8a6d4b01\" class=\"fw-col-sm-3 fw-mobile-hide-element tf-sh-ab4fac347f44bbd5bd5093c642220877\" >\n\t<div class=\"fw-wrap-col-inner clearfix  \"   >\n\t\t\t\t<div class=\"fw-col-inner\">\n\t\t\t\t\t<\/div>\n\t<\/div>\n<\/div><div id=\"column-69d2c8a6d4bfc\" class=\"fw-col-sm-6 tf-sh-24df3b743c10391e160f8dafcad1a452 about-title-responsive\" >\n\t<div class=\"fw-wrap-col-inner clearfix  \"   >\n\t\t\t\t<div class=\"fw-col-inner\">\n\t\t\t<div class=\"fw-text-box tf-sh-b48aa4a6168a519dcfea05a648aea083 \" >\n\t<div class=\"fw-text-inner\">\n\t\t<h6 style=\"text-align: center;\"><strong>Seated:<\/strong> <a href=\"https:\/\/khveitingar.is\/en\/silfurberg\/\">Silfurberg<\/a> - <a href=\"https:\/\/khveitingar.is\/en\/nordurljos\/\">Nor\u00f0urlj\u00f3s<\/a> - <a href=\"https:\/\/khveitingar.is\/en\/kolabrautin-2\/\">Kolabraut<\/a> - <a href=\"https:\/\/khveitingar.is\/en\/bjortuloft-130-manns\/\">Bj\u00f6rtuloft<\/a> - <a href=\"https:\/\/khveitingar.is\/en\/hauloft-8-floor\/\">H\u00e1uloft<\/a><br \/><strong>Standing:<\/strong> <a href=\"https:\/\/khveitingar.is\/en\/horpuhorn\/\">H\u00f6rpuhorn<\/a> - <a href=\"https:\/\/khveitingar.is\/en\/floi\/\">Fl\u00f3i<\/a> - <a href=\"https:\/\/khveitingar.is\/en\/eyri\/\">Eyri<\/a> - <a href=\"https:\/\/khveitingar.is\/en\/nordurbryggja\/\">Nor\u00f0urbryggja<\/a> - <a href=\"https:\/\/khveitingar.is\/en\/austurhlid\/\">Austurhli\u00f0<\/a><\/h6>\n\t<\/div>\n<\/div><div class=\"fw-divider-space space-sm  fw-tablet-landscape-hide-element fw-tablet-hide-element clearfix\"  ><\/div>\t\t<\/div>\n\t<\/div>\n<\/div><div id=\"column-69d2c8a6d4f75\" class=\"fw-col-sm-3 fw-mobile-hide-element tf-sh-ee50e80a1ba231bdf9c4bc8f97cf2825\" >\n\t<div class=\"fw-wrap-col-inner clearfix  \"   >\n\t\t\t\t<div class=\"fw-col-inner\">\n\t\t\t\t\t<\/div>\n\t<\/div>\n<\/div><\/div>\n\n<div class=\"fw-row\">\n\t<div id=\"column-69d2c8a6d5b15\" class=\"fw-col-sm-3 fw-mobile-hide-element tf-sh-975b1fcb941ed64782f3e3fc0ed65642\" >\n\t<div class=\"fw-wrap-col-inner clearfix  \"   >\n\t\t\t\t<div class=\"fw-col-inner\">\n\t\t\t\t\t<\/div>\n\t<\/div>\n<\/div><div id=\"column-69d2c8a6d5be0\" class=\"fw-col-sm-6 fw-col-md-6 tf-sh-b58fdcbc1b1a659a987146c1d1a3badd about-content-responsive fw-col-no-padding\" >\n\t<div class=\"fw-wrap-col-inner clearfix  \"   >\n\t\t\t\t<div class=\"fw-col-inner\">\n\t\t\t<div class=\"fw-heading fw-heading-center  fw-heading-with-subtitle tf-sh-e33f421d98f43d78cce7478144791ff8\" >\n\t\t\t<h4 class=\"fw-special-title\">H\u00e1uloft<\/h4>\n\t\n\t\n\t\t\t<div class=\"fw-special-subtitle\">Seated: 80 people<\/div>\n\t<\/div><div class=\"fw-divider-space  fw-custom-space  fw-tablet-hide-element fw-mobile-hide-element clearfix\" style=\"height:40px;\" ><\/div><div class=\"fw-text-box tf-sh-5592c0681adda4cfa8d195c184fada8d \" >\n\t<div class=\"fw-text-inner\">\n\t\t<p>H\u00e1aloft is a new and elegant hall on the 8th floor of Harpa. With magnificent views to the west, over the harbour and the mountains around the city, H\u00e1aloft has been called Reykjavik\u00b4s little roof top venue.<\/p>\n<p>The hall is 200sqm with a large screen, and movable both stage and bar. Please contact our conference department for further details.<\/p>\n<p>Contact: catering@khveitingar.is or phone 519 9771.<\/p>\n<p><div id='gallery-1' class='gallery galleryid-1311 gallery-columns-2 gallery-size-thumbnail'><figure class='gallery-item'>\n\t\t\t<div class='gallery-icon portrait'>\n\t\t\t\t<a href='https:\/\/khveitingar.is\/wp-content\/uploads\/2017\/04\/haaloft-6.jpg'><img loading=\"lazy\" decoding=\"async\" width=\"150\" height=\"150\" src=\"https:\/\/khveitingar.is\/wp-content\/uploads\/2017\/04\/haaloft-6-150x150.jpg\" class=\"attachment-thumbnail size-thumbnail\" alt=\"H\u00e1aloft\" srcset=\"https:\/\/khveitingar.is\/wp-content\/uploads\/2017\/04\/haaloft-6-150x150.jpg 150w, https:\/\/khveitingar.is\/wp-content\/uploads\/2017\/04\/haaloft-6-600x600.jpg 600w, https:\/\/khveitingar.is\/wp-content\/uploads\/2017\/04\/haaloft-6-300x300.jpg 300w\" sizes=\"auto, (max-width: 150px) 100vw, 150px\" \/><\/a>\n\t\t\t<\/div><\/figure><figure class='gallery-item'>\n\t\t\t<div class='gallery-icon portrait'>\n\t\t\t\t<a href='https:\/\/khveitingar.is\/wp-content\/uploads\/2017\/04\/haaloft-5.jpg'><img loading=\"lazy\" decoding=\"async\" width=\"150\" height=\"150\" src=\"https:\/\/khveitingar.is\/wp-content\/uploads\/2017\/04\/haaloft-5-150x150.jpg\" class=\"attachment-thumbnail size-thumbnail\" alt=\"\" srcset=\"https:\/\/khveitingar.is\/wp-content\/uploads\/2017\/04\/haaloft-5-150x150.jpg 150w, https:\/\/khveitingar.is\/wp-content\/uploads\/2017\/04\/haaloft-5-300x300.jpg 300w, https:\/\/khveitingar.is\/wp-content\/uploads\/2017\/04\/haaloft-5-600x600.jpg 600w\" sizes=\"auto, (max-width: 150px) 100vw, 150px\" \/><\/a>\n\t\t\t<\/div><\/figure><figure class='gallery-item'>\n\t\t\t<div class='gallery-icon landscape'>\n\t\t\t\t<a href='https:\/\/khveitingar.is\/wp-content\/uploads\/2017\/04\/haaloft-2.jpeg'><img loading=\"lazy\" decoding=\"async\" width=\"150\" height=\"150\" src=\"https:\/\/khveitingar.is\/wp-content\/uploads\/2017\/04\/haaloft-2-150x150.jpeg\" class=\"attachment-thumbnail size-thumbnail\" alt=\"H\u00e1aloft\" srcset=\"https:\/\/khveitingar.is\/wp-content\/uploads\/2017\/04\/haaloft-2-150x150.jpeg 150w, https:\/\/khveitingar.is\/wp-content\/uploads\/2017\/04\/haaloft-2-300x300.jpeg 300w, https:\/\/khveitingar.is\/wp-content\/uploads\/2017\/04\/haaloft-2-600x600.jpeg 600w\" sizes=\"auto, (max-width: 150px) 100vw, 150px\" \/><\/a>\n\t\t\t<\/div><\/figure><figure class='gallery-item'>\n\t\t\t<div class='gallery-icon landscape'>\n\t\t\t\t<a href='https:\/\/khveitingar.is\/wp-content\/uploads\/2017\/04\/haaloft.jpg'><img loading=\"lazy\" decoding=\"async\" width=\"150\" height=\"150\" src=\"https:\/\/khveitingar.is\/wp-content\/uploads\/2017\/04\/haaloft-150x150.jpg\" class=\"attachment-thumbnail size-thumbnail\" alt=\"H\u00e1aloft\" srcset=\"https:\/\/khveitingar.is\/wp-content\/uploads\/2017\/04\/haaloft-150x150.jpg 150w, https:\/\/khveitingar.is\/wp-content\/uploads\/2017\/04\/haaloft-300x300.jpg 300w, https:\/\/khveitingar.is\/wp-content\/uploads\/2017\/04\/haaloft-600x600.jpg 600w\" sizes=\"auto, (max-width: 150px) 100vw, 150px\" \/><\/a>\n\t\t\t<\/div><\/figure>\n\t\t<\/div>\n<\/p>\n\t<\/div>\n<\/div><div class=\"fw-divider-space  fw-custom-space  fw-tablet-hide-element clearfix\" style=\"height:50px;\" ><\/div><div class=\"fw-divider-space  fw-custom-space  fw-desktop-hide-element fw-tablet-landscape-hide-element fw-mobile-hide-element clearfix\" style=\"height:30px;\" ><\/div>\t\t<\/div>\n\t<\/div>\n<\/div><div id=\"column-69d2c8a6d9f07\" class=\"fw-col-sm-3 fw-mobile-hide-element tf-sh-e92862f3126569a532cb54c2cc5a0b3a\" >\n\t<div class=\"fw-wrap-col-inner clearfix  \"   >\n\t\t\t\t<div class=\"fw-col-inner\">\n\t\t\t\t\t<\/div>\n\t<\/div>\n<\/div><\/div>\n\n<div class=\"fw-row\">\n\t<div id=\"column-69d2c8a6da1ff\" class=\"fw-col-sm-12 fw-mobile-hide-element tf-sh-16fc3d7be9fe5c615a9dcd2e734f464a\" >\n\t<div class=\"fw-wrap-col-inner clearfix  \"   >\n\t\t\t\t<div class=\"fw-col-inner\">\n\t\t\t<div class=\"fw-divider-space  fw-custom-space  clearfix\" style=\"height:50px;\" ><\/div>\t\t<\/div>\n\t<\/div>\n<\/div><\/div>\n\n\t<\/div>\n\t<\/section><\/p>\n","protected":false},"excerpt":{"rendered":"<p>Seated: Silfurberg &#8211; Nor\u00f0urlj\u00f3s &#8211; Kolabraut &#8211; Bj\u00f6rtuloft &#8211; H\u00e1uloftStanding: H\u00f6rpuhorn &#8211; Fl\u00f3i &#8211; Eyri &#8211; Nor\u00f0urbryggja &#8211; Austurhli\u00f0 H\u00e1uloft Seated: 80 people H\u00e1aloft is a new and elegant hall on the 8th floor of Harpa. With magnificent views to the west, over the harbour and the mountains around the city, H\u00e1aloft has been called [&hellip;]<\/p>\n","protected":false},"author":1,"featured_media":0,"parent":0,"menu_order":0,"comment_status":"closed","ping_status":"closed","template":"visual-builder-template.php","meta":{"footnotes":""},"class_list":["post-1311","page","type-page","status-publish","hentry"],"_links":{"self":[{"href":"https:\/\/khveitingar.is\/en\/wp-json\/wp\/v2\/pages\/1311","targetHints":{"allow":["GET"]}}],"collection":[{"href":"https:\/\/khveitingar.is\/en\/wp-json\/wp\/v2\/pages"}],"about":[{"href":"https:\/\/khveitingar.is\/en\/wp-json\/wp\/v2\/types\/page"}],"author":[{"embeddable":true,"href":"https:\/\/khveitingar.is\/en\/wp-json\/wp\/v2\/users\/1"}],"replies":[{"embeddable":true,"href":"https:\/\/khveitingar.is\/en\/wp-json\/wp\/v2\/comments?post=1311"}],"version-history":[{"count":6,"href":"https:\/\/khveitingar.is\/en\/wp-json\/wp\/v2\/pages\/1311\/revisions"}],"predecessor-version":[{"id":1493,"href":"https:\/\/khveitingar.is\/en\/wp-json\/wp\/v2\/pages\/1311\/revisions\/1493"}],"wp:attachment":[{"href":"https:\/\/khveitingar.is\/en\/wp-json\/wp\/v2\/media?parent=1311"}],"curies":[{"name":"wp","href":"https:\/\/api.w.org\/{rel}","templated":true}]}}