{"id":1305,"date":"2019-10-17T16:22:57","date_gmt":"2019-10-17T16:22:57","guid":{"rendered":"https:\/\/khveitingar.is\/veislur-salir-og-rymi\/"},"modified":"2021-10-01T10:30:41","modified_gmt":"2021-10-01T10:30:41","slug":"banquet","status":"publish","type":"page","link":"https:\/\/khveitingar.is\/en\/banquet\/","title":{"rendered":"Banquet"},"content":{"rendered":"<p><section  id=\"section-69dfc7b510bb7\" class=\" fw-main-row-custom fw-main-row-top fw-section-no-padding fw-content-overlay-custom auto  fw-section-position-back tf-sh-fb504b100a851dfe38ba5ee429001702 about-bg-overlap-responsive\"  style=\"  margin-bottom:-930px; \"  >\n\t\t\t<div class=\"fw-container-fluid\" >\n\t\t<div class=\"fw-row\">\n\t<div id=\"column-69dfc7b510e2c\" class=\"fw-col-sm-6 tf-sh-17c63bcc33c7928008db73a9566da4c6  fw-col-no-padding\" >\n\t<div class=\"fw-wrap-col-inner clearfix  \"   >\n\t\t\t\t<div class=\"fw-col-inner\">\n\t\t\t\n\t\n\t\t<div class=\"fw-block-image-parent  \"  style=\"width: 100%; \">\n\t\t\t<span class=\"fw-block-image-child fw-noratio fw-ratio-container\">\n\t\t\t\t<noscript itemscope itemtype=\"https:\/\/schema.org\/ImageObject\" itemprop=\"image\"><img decoding=\"async\" src=\"https:\/\/khveitingar.is\/wp-content\/uploads\/2017\/05\/veislusalur.jpg\"  alt=\"veislusalur\" data-maxdpr=\"1.7\" class=\"lazyload\" \/><meta itemprop=\"url\" content=\"https:\/\/khveitingar.is\/wp-content\/uploads\/2017\/05\/veislusalur.jpg\"><meta itemprop=\"width\" content=\"928\"><meta itemprop=\"height\" content=\"958\"><\/noscript><img decoding=\"async\" src=\"data:image\/gif;base64,R0lGODlhAQABAIAAAAAAAP\/\/\/yH5BAEAAAAALAAAAAABAAEAAAIBRAA7\" data-sizes=\"auto\" data-srcset=\"https:\/\/khveitingar.is\/wp-content\/uploads\/2017\/05\/veislusalur.jpg\"   alt=\"veislusalur\" data-maxdpr=\"1.7\" class=\"lazyload\" \/><span class=\"fw-after-no-ratio\" style=\"padding-bottom: 103.23275862069%\"><\/span>\t\t\t\t\t\t\t<\/span>\n\t\t<\/div>\n\n\t\n<div class=\"fw-divider-space  fw-custom-space  clearfix\" style=\"height:5px;\" ><\/div>\t\t<\/div>\n\t<\/div>\n<\/div><div id=\"column-69dfc7b511528\" class=\"fw-col-sm-3 fw-mobile-hide-element tf-sh-b80022b9c8497b01d912159720716e2c  fw-col-no-padding\" >\n\t<div class=\"fw-wrap-col-inner clearfix  \"   >\n\t\t\t\t<div class=\"fw-col-inner\">\n\t\t\t\t\t<\/div>\n\t<\/div>\n<\/div><div id=\"column-69dfc7b5115a0\" class=\"fw-tablet-hide-element fw-col-sm-3 fw-mobile-hide-element tf-sh-88485dc4b081e250b5b7a83503f981bf  fw-col-no-padding\" >\n\t<div class=\"fw-wrap-col-inner clearfix  \"   >\n\t\t\t\t<div class=\"fw-col-inner\">\n\t\t\t\n\t\n\t\t<div class=\"fw-block-image-parent  \"  style=\"width: 100%; \">\n\t\t\t<span class=\"fw-block-image-child fw-noratio fw-ratio-container\">\n\t\t\t\t<noscript itemscope itemtype=\"https:\/\/schema.org\/ImageObject\" itemprop=\"image\"><img decoding=\"async\" src=\"https:\/\/khveitingar.is\/wp-content\/uploads\/2017\/05\/veislusalur2.jpg\"  alt=\"veislusalur\" data-maxdpr=\"1.7\" class=\"lazyload\" \/><meta itemprop=\"url\" content=\"https:\/\/khveitingar.is\/wp-content\/uploads\/2017\/05\/veislusalur2.jpg\"><meta itemprop=\"width\" content=\"455\"><meta itemprop=\"height\" content=\"958\"><\/noscript><img decoding=\"async\" src=\"data:image\/gif;base64,R0lGODlhAQABAIAAAAAAAP\/\/\/yH5BAEAAAAALAAAAAABAAEAAAIBRAA7\" data-sizes=\"auto\" data-srcset=\"https:\/\/khveitingar.is\/wp-content\/uploads\/2017\/05\/veislusalur2.jpg\"   alt=\"veislusalur\" data-maxdpr=\"1.7\" class=\"lazyload\" \/><span class=\"fw-after-no-ratio\" style=\"padding-bottom: 210.54945054945%\"><\/span>\t\t\t\t\t\t\t<\/span>\n\t\t<\/div>\n\n\t\n\t\t<\/div>\n\t<\/div>\n<\/div><\/div>\n\n\t<\/div>\n\t<\/section><section  id=\"section-69dfc7b511c23\" class=\" fw-main-row-custom fw-section-no-padding  auto  fw-section-position-back tf-sh-78e553488755b241166b6da623e0cf53 \"  style=\"   \"  >\n\t\t\t<div class=\"fw-container-fluid\" >\n\t\t<div class=\"fw-row\">\n\t<div id=\"column-69dfc7b511e5a\" class=\"fw-col-sm-4 fw-mobile-hide-element tf-sh-ab4fac347f44bbd5bd5093c642220877\" >\n\t<div class=\"fw-wrap-col-inner clearfix  \"   >\n\t\t\t\t<div class=\"fw-col-inner\">\n\t\t\t\t\t<\/div>\n\t<\/div>\n<\/div><div id=\"column-69dfc7b511ed3\" class=\"fw-col-sm-6 tf-sh-24df3b743c10391e160f8dafcad1a452 about-title-responsive\" >\n\t<div class=\"fw-wrap-col-inner clearfix  \"   >\n\t\t\t\t<div class=\"fw-col-inner\">\n\t\t\t<div class=\"fw-divider-space  fw-custom-space  fw-tablet-landscape-hide-element fw-tablet-hide-element clearfix\" style=\"height:100px;\" ><\/div>\t\t<\/div>\n\t<\/div>\n<\/div><div id=\"column-69dfc7b511fc2\" class=\"fw-col-sm-2 fw-mobile-hide-element tf-sh-ee50e80a1ba231bdf9c4bc8f97cf2825\" >\n\t<div class=\"fw-wrap-col-inner clearfix  \"   >\n\t\t\t\t<div class=\"fw-col-inner\">\n\t\t\t\t\t<\/div>\n\t<\/div>\n<\/div><\/div>\n\n<div class=\"fw-row\">\n\t<div id=\"column-69dfc7b51211c\" class=\"fw-col-sm-6 fw-mobile-hide-element tf-sh-975b1fcb941ed64782f3e3fc0ed65642\" >\n\t<div class=\"fw-wrap-col-inner clearfix  \"   >\n\t\t\t\t<div class=\"fw-col-inner\">\n\t\t\t\t\t<\/div>\n\t<\/div>\n<\/div><div id=\"column-69dfc7b5121da\" class=\"fw-col-sm-6 fw-col-md-3 tf-sh-b58fdcbc1b1a659a987146c1d1a3badd about-content-responsive fw-col-no-padding\" >\n\t<div class=\"fw-wrap-col-inner clearfix  \"   >\n\t\t\t\t<div class=\"fw-col-inner\">\n\t\t\t<div class=\"fw-heading fw-heading-center  tf-sh-fcaffe828bf148901ccf73f22da99a2a\" >\n\t\t\t<h4 class=\"fw-special-title\">Banquet<\/h4>\n\t\n\t\n\t<\/div><div class=\"fw-text-box tf-sh-5592c0681adda4cfa8d195c184fada8d \" >\n\t<div class=\"fw-text-inner\">\n\t\t<h5 style=\"text-align: center;\">Seated<\/h5>\n<ul>\n<li style=\"list-style-type: none;\">\n<ul>\n<li><a href=\"https:\/\/khveitingar.is\/en\/silfurberg\/\">Silfurberg 550 people<\/a><\/li>\n<li><a href=\"https:\/\/khveitingar.is\/en\/nordurljos\/\">Nor\u00f0urlj\u00f3s 300 people<\/a><\/li>\n<li><a href=\"https:\/\/khveitingar.is\/en\/bjortuloft-130-manns\/\">Bj\u00f6rtuloft 130 people<\/a><\/li>\n<li><a href=\"https:\/\/khveitingar.is\/en\/hauloft-8-floor\/\">H\u00e1uloft 80 people<\/a><\/li>\n<\/ul>\n<\/li>\n<\/ul>\n<h5 style=\"text-align: center;\">Standing<\/h5>\n<ul>\n<li style=\"list-style-type: none;\">\n<ul>\n<li><a href=\"https:\/\/khveitingar.is\/en\/horpuhorn\/\">H\u00f6rpuhorn 1000 people<\/a><\/li>\n<li><a href=\"https:\/\/khveitingar.is\/en\/floi\/\">Fl\u00f3i 2500 people<\/a><\/li>\n<li><a href=\"https:\/\/khveitingar.is\/en\/eyri\/\">Eyri 400 people<\/a><\/li>\n<li><a href=\"https:\/\/khveitingar.is\/en\/nordurbryggja\/\">Nor\u00f0urbryggja 250 people<\/a><\/li>\n<li><a href=\"https:\/\/khveitingar.is\/en\/austurhlid\/\">Austurhli\u00f0 100 people<\/a><\/li>\n<\/ul>\n<\/li>\n<\/ul>\n\t<\/div>\n<\/div><div class=\"fw-divider-space  fw-custom-space  fw-tablet-hide-element clearfix\" style=\"height:50px;\" ><\/div><div class=\"fw-divider-space  fw-custom-space  fw-desktop-hide-element fw-tablet-landscape-hide-element fw-mobile-hide-element clearfix\" style=\"height:30px;\" ><\/div>\t\t<\/div>\n\t<\/div>\n<\/div><div id=\"column-69dfc7b5125ce\" class=\"fw-tablet-hide-element fw-col-sm-3 fw-mobile-hide-element tf-sh-89780e5b16fb54e62f1b218c3713322d\" >\n\t<div class=\"fw-wrap-col-inner clearfix  \"   >\n\t\t\t\t<div class=\"fw-col-inner\">\n\t\t\t\t\t<\/div>\n\t<\/div>\n<\/div><\/div>\n\n<div class=\"fw-row\">\n\t<div id=\"column-69dfc7b5126fa\" class=\"fw-col-sm-12 fw-mobile-hide-element tf-sh-16fc3d7be9fe5c615a9dcd2e734f464a\" >\n\t<div class=\"fw-wrap-col-inner clearfix  \"   >\n\t\t\t\t<div class=\"fw-col-inner\">\n\t\t\t<div class=\"fw-divider-space  fw-custom-space  clearfix\" style=\"height:300px;\" ><\/div>\t\t<\/div>\n\t<\/div>\n<\/div><\/div>\n\n\t<\/div>\n\t<\/section><\/p>\n","protected":false},"excerpt":{"rendered":"<p>Banquet Seated Silfurberg 550 people Nor\u00f0urlj\u00f3s 300 people Bj\u00f6rtuloft 130 people H\u00e1uloft 80 people Standing H\u00f6rpuhorn 1000 people Fl\u00f3i 2500 people Eyri 400 people Nor\u00f0urbryggja 250 people Austurhli\u00f0 100 people<\/p>\n","protected":false},"author":1,"featured_media":0,"parent":0,"menu_order":0,"comment_status":"closed","ping_status":"closed","template":"visual-builder-template.php","meta":{"footnotes":""},"class_list":["post-1305","page","type-page","status-publish","hentry"],"_links":{"self":[{"href":"https:\/\/khveitingar.is\/en\/wp-json\/wp\/v2\/pages\/1305","targetHints":{"allow":["GET"]}}],"collection":[{"href":"https:\/\/khveitingar.is\/en\/wp-json\/wp\/v2\/pages"}],"about":[{"href":"https:\/\/khveitingar.is\/en\/wp-json\/wp\/v2\/types\/page"}],"author":[{"embeddable":true,"href":"https:\/\/khveitingar.is\/en\/wp-json\/wp\/v2\/users\/1"}],"replies":[{"embeddable":true,"href":"https:\/\/khveitingar.is\/en\/wp-json\/wp\/v2\/comments?post=1305"}],"version-history":[{"count":8,"href":"https:\/\/khveitingar.is\/en\/wp-json\/wp\/v2\/pages\/1305\/revisions"}],"predecessor-version":[{"id":1649,"href":"https:\/\/khveitingar.is\/en\/wp-json\/wp\/v2\/pages\/1305\/revisions\/1649"}],"wp:attachment":[{"href":"https:\/\/khveitingar.is\/en\/wp-json\/wp\/v2\/media?parent=1305"}],"curies":[{"name":"wp","href":"https:\/\/api.w.org\/{rel}","templated":true}]}}