{"id":1213,"date":"2019-11-06T12:18:57","date_gmt":"2019-11-06T12:18:57","guid":{"rendered":"https:\/\/khveitingar.is\/?page_id=1213\/"},"modified":"2019-11-13T13:23:03","modified_gmt":"2019-11-13T13:23:03","slug":"bjortuloft-130-manns","status":"publish","type":"page","link":"https:\/\/khveitingar.is\/en\/bjortuloft-130-manns\/","title":{"rendered":"Bj\u00f6rtuloft &#8211; 130 people"},"content":{"rendered":"<p><section  id=\"section-69d2b4c8545f8\" class=\" fw-main-row-custom fw-main-row-top fw-section-no-padding fw-content-overlay-custom auto  fw-section-position-back tf-sh-fb504b100a851dfe38ba5ee429001702 about-bg-overlap-responsive\"  style=\"  margin-bottom:-930px; \"  >\n\t\t\t<div class=\"fw-container-fluid\" >\n\t\t<div class=\"fw-row\">\n\t<div id=\"column-69d2b4c8547ca\" class=\"fw-tablet-hide-element fw-col-sm-3 fw-mobile-hide-element tf-sh-88485dc4b081e250b5b7a83503f981bf  fw-col-no-padding\" >\n\t<div class=\"fw-wrap-col-inner clearfix  \"   >\n\t\t\t\t<div class=\"fw-col-inner\">\n\t\t\t\n\t\n\t\t<div class=\"fw-block-image-parent  \"  style=\"width: 100%; \">\n\t\t\t<span class=\"fw-block-image-child fw-noratio fw-ratio-container\">\n\t\t\t\t<noscript itemscope itemtype=\"https:\/\/schema.org\/ImageObject\" itemprop=\"image\"><img decoding=\"async\" src=\"https:\/\/khveitingar.is\/wp-content\/uploads\/2019\/11\/bjortuloft-5.jpg\"  alt=\"Bj\u00f6rtuloft\" data-maxdpr=\"1.7\" class=\"lazyload\" \/><meta itemprop=\"url\" content=\"https:\/\/khveitingar.is\/wp-content\/uploads\/2019\/11\/bjortuloft-5.jpg\"><meta itemprop=\"width\" content=\"455\"><meta itemprop=\"height\" content=\"958\"><\/noscript><img decoding=\"async\" src=\"data:image\/gif;base64,R0lGODlhAQABAIAAAAAAAP\/\/\/yH5BAEAAAAALAAAAAABAAEAAAIBRAA7\" data-sizes=\"auto\" data-srcset=\"https:\/\/khveitingar.is\/wp-content\/uploads\/2019\/11\/bjortuloft-5.jpg\"   alt=\"Bj\u00f6rtuloft\" data-maxdpr=\"1.7\" class=\"lazyload\" \/><span class=\"fw-after-no-ratio\" style=\"padding-bottom: 210.54945054945%\"><\/span>\t\t\t\t\t\t\t<\/span>\n\t\t<\/div>\n\n\t\n\t\t<\/div>\n\t<\/div>\n<\/div><div id=\"column-69d2b4c854ddb\" class=\"fw-col-sm-6 fw-mobile-hide-element tf-sh-b80022b9c8497b01d912159720716e2c  fw-col-no-padding\" >\n\t<div class=\"fw-wrap-col-inner clearfix  \"   >\n\t\t\t\t<div class=\"fw-col-inner\">\n\t\t\t<div class=\"fw-divider-space space-sm  clearfix\"  ><\/div>\t\t<\/div>\n\t<\/div>\n<\/div><div id=\"column-69d2b4c854e99\" class=\"fw-col-sm-3 tf-sh-17c63bcc33c7928008db73a9566da4c6  fw-col-no-padding\" >\n\t<div class=\"fw-wrap-col-inner clearfix  \"   >\n\t\t\t\t<div class=\"fw-col-inner\">\n\t\t\t\n\t\n\t\t<div class=\"fw-block-image-parent  \"  style=\"width: 100%; \">\n\t\t\t<span class=\"fw-block-image-child fw-noratio fw-ratio-container\">\n\t\t\t\t<noscript itemscope itemtype=\"https:\/\/schema.org\/ImageObject\" itemprop=\"image\"><img decoding=\"async\" src=\"https:\/\/khveitingar.is\/wp-content\/uploads\/2019\/11\/bjortuloft-4.jpg\"  alt=\"Bj\u00f6rtuloft\" data-maxdpr=\"1.7\" class=\"lazyload\" \/><meta itemprop=\"url\" content=\"https:\/\/khveitingar.is\/wp-content\/uploads\/2019\/11\/bjortuloft-4.jpg\"><meta itemprop=\"width\" content=\"455\"><meta itemprop=\"height\" content=\"958\"><\/noscript><img decoding=\"async\" src=\"data:image\/gif;base64,R0lGODlhAQABAIAAAAAAAP\/\/\/yH5BAEAAAAALAAAAAABAAEAAAIBRAA7\" data-sizes=\"auto\" data-srcset=\"https:\/\/khveitingar.is\/wp-content\/uploads\/2019\/11\/bjortuloft-4.jpg\"   alt=\"Bj\u00f6rtuloft\" data-maxdpr=\"1.7\" class=\"lazyload\" \/><span class=\"fw-after-no-ratio\" style=\"padding-bottom: 210.54945054945%\"><\/span>\t\t\t\t\t\t\t<\/span>\n\t\t<\/div>\n\n\t\n<div class=\"fw-divider-space  fw-custom-space  clearfix\" style=\"height:5px;\" ><\/div>\t\t<\/div>\n\t<\/div>\n<\/div><\/div>\n\n\t<\/div>\n\t<\/section><section  id=\"section-69d2b4c85532d\" class=\" fw-main-row-custom fw-section-no-padding  auto  fw-section-position-back tf-sh-78e553488755b241166b6da623e0cf53 \"  style=\"   \"  >\n\t\t\t<div class=\"fw-container-fluid\" >\n\t\t<div class=\"fw-row\">\n\t<div id=\"column-69d2b4c855477\" class=\"fw-col-sm-3 fw-mobile-hide-element tf-sh-ab4fac347f44bbd5bd5093c642220877\" >\n\t<div class=\"fw-wrap-col-inner clearfix  \"   >\n\t\t\t\t<div class=\"fw-col-inner\">\n\t\t\t\t\t<\/div>\n\t<\/div>\n<\/div><div id=\"column-69d2b4c8554d8\" class=\"fw-col-sm-6 tf-sh-24df3b743c10391e160f8dafcad1a452 about-title-responsive\" >\n\t<div class=\"fw-wrap-col-inner clearfix  \"   >\n\t\t\t\t<div class=\"fw-col-inner\">\n\t\t\t<div class=\"fw-text-box tf-sh-b48aa4a6168a519dcfea05a648aea083 \" >\n\t<div class=\"fw-text-inner\">\n\t\t<h6 style=\"text-align: center;\"><strong>Seated:<\/strong> <a href=\"https:\/\/khveitingar.is\/en\/silfurberg\/\">Silfurberg<\/a> - <a href=\"https:\/\/khveitingar.is\/en\/nordurljos\/\">Nor\u00f0urlj\u00f3s<\/a> - <a href=\"https:\/\/khveitingar.is\/en\/kolabrautin-2\/\">Kolabraut<\/a> - <a href=\"https:\/\/khveitingar.is\/en\/bjortuloft-130-manns\/\">Bj\u00f6rtuloft<\/a> - <a href=\"https:\/\/khveitingar.is\/en\/hauloft-8-floor\/\">H\u00e1uloft<\/a><br \/><strong>Standing:<\/strong> <a href=\"https:\/\/khveitingar.is\/en\/horpuhorn\/\">H\u00f6rpuhorn<\/a> - <a href=\"https:\/\/khveitingar.is\/en\/floi\/\">Fl\u00f3i<\/a> - <a href=\"https:\/\/khveitingar.is\/en\/eyri\/\">Eyri<\/a> - <a href=\"https:\/\/khveitingar.is\/en\/nordurbryggja\/\">Nor\u00f0urbryggja<\/a> - <a href=\"https:\/\/khveitingar.is\/en\/austurhlid\/\">Austurhli\u00f0<\/a><\/h6>\n\t<\/div>\n<\/div><div class=\"fw-divider-space space-sm  fw-tablet-landscape-hide-element fw-tablet-hide-element clearfix\"  ><\/div>\t\t<\/div>\n\t<\/div>\n<\/div><div id=\"column-69d2b4c855622\" class=\"fw-col-sm-3 fw-mobile-hide-element tf-sh-ee50e80a1ba231bdf9c4bc8f97cf2825\" >\n\t<div class=\"fw-wrap-col-inner clearfix  \"   >\n\t\t\t\t<div class=\"fw-col-inner\">\n\t\t\t\t\t<\/div>\n\t<\/div>\n<\/div><\/div>\n\n<div class=\"fw-row\">\n\t<div id=\"column-69d2b4c855742\" class=\"fw-col-sm-3 fw-mobile-hide-element tf-sh-975b1fcb941ed64782f3e3fc0ed65642\" >\n\t<div class=\"fw-wrap-col-inner clearfix  \"   >\n\t\t\t\t<div class=\"fw-col-inner\">\n\t\t\t\t\t<\/div>\n\t<\/div>\n<\/div><div id=\"column-69d2b4c8557a4\" class=\"fw-col-sm-6 fw-col-md-6 tf-sh-b58fdcbc1b1a659a987146c1d1a3badd about-content-responsive fw-col-no-padding\" >\n\t<div class=\"fw-wrap-col-inner clearfix  \"   >\n\t\t\t\t<div class=\"fw-col-inner\">\n\t\t\t<div class=\"fw-heading fw-heading-center  fw-heading-with-subtitle tf-sh-e33f421d98f43d78cce7478144791ff8\" >\n\t\t\t<h4 class=\"fw-special-title\">Bj\u00f6rtuloft<\/h4>\n\t\n\t\n\t\t\t<div class=\"fw-special-subtitle\">Seated: 130 manns<\/div>\n\t<\/div><div class=\"fw-divider-space  fw-custom-space  fw-tablet-hide-element fw-mobile-hide-element clearfix\" style=\"height:40px;\" ><\/div><div class=\"fw-text-box tf-sh-5592c0681adda4cfa8d195c184fada8d \" >\n\t<div class=\"fw-text-inner\">\n\t\t<p>Bj\u00f6rtuloft (Bright Lofts) is located on the top floors of Harpa, at the very summit of the building, offering spectacular views of the city, the sea and Mt. Esja. Bj\u00f6rtuloft makes an elegant and unusual setting for special gatherings, such as private corporate banquets and meetings.<\/p>\n<p>This approximately 400 sqm space is divided over two floors and makes the ideal venue for meetings, banquets, standing receptions and other events. The hall can accommodate about 130 people on the upper floor (7th floor) and about 60-70 people on the sixth floor. Including the balcony, Bj\u00f6rtuloft reception hall can accommodate 250- 300 people. This brings the total to around 130 people seated at round tables on the seventh floor. For most events, however, we receive guests on the 6th floor before offering them dinner on the 7th floor. The 7th floor is equipped with a screen, a projector, a sound system and adjustable lighting.<\/p>\n<p>For meetings, Bj\u00f6rtuloft is an appropriate space for up to 80 people. Often meetings are held on the 7th floor, while coffee and meals are served on the 6th floor.<\/p>\n<p>Contact: catering@khveitingar.is or phone 519 9771.<\/p>\n<p><div id='gallery-1' class='gallery galleryid-1213 gallery-columns-3 gallery-size-thumbnail'><figure class='gallery-item'>\n\t\t\t<div class='gallery-icon landscape'>\n\t\t\t\t<a href='https:\/\/khveitingar.is\/wp-content\/uploads\/2019\/11\/bjortuloft-2.jpg'><img loading=\"lazy\" decoding=\"async\" width=\"150\" height=\"150\" src=\"https:\/\/khveitingar.is\/wp-content\/uploads\/2019\/11\/bjortuloft-2-150x150.jpg\" class=\"attachment-thumbnail size-thumbnail\" alt=\"Bj\u00f6rtuloft\" srcset=\"https:\/\/khveitingar.is\/wp-content\/uploads\/2019\/11\/bjortuloft-2-150x150.jpg 150w, https:\/\/khveitingar.is\/wp-content\/uploads\/2019\/11\/bjortuloft-2-300x300.jpg 300w, https:\/\/khveitingar.is\/wp-content\/uploads\/2019\/11\/bjortuloft-2-600x600.jpg 600w\" sizes=\"auto, (max-width: 150px) 100vw, 150px\" \/><\/a>\n\t\t\t<\/div><\/figure><figure class='gallery-item'>\n\t\t\t<div class='gallery-icon landscape'>\n\t\t\t\t<a href='https:\/\/khveitingar.is\/wp-content\/uploads\/2019\/11\/bjortuloft.jpg'><img loading=\"lazy\" decoding=\"async\" width=\"150\" height=\"150\" src=\"https:\/\/khveitingar.is\/wp-content\/uploads\/2019\/11\/bjortuloft-150x150.jpg\" class=\"attachment-thumbnail size-thumbnail\" alt=\"Bj\u00f6rtuloft\" srcset=\"https:\/\/khveitingar.is\/wp-content\/uploads\/2019\/11\/bjortuloft-150x150.jpg 150w, https:\/\/khveitingar.is\/wp-content\/uploads\/2019\/11\/bjortuloft-800x800.jpg 800w, https:\/\/khveitingar.is\/wp-content\/uploads\/2019\/11\/bjortuloft-300x300.jpg 300w, https:\/\/khveitingar.is\/wp-content\/uploads\/2019\/11\/bjortuloft-600x600.jpg 600w\" sizes=\"auto, (max-width: 150px) 100vw, 150px\" \/><\/a>\n\t\t\t<\/div><\/figure><figure class='gallery-item'>\n\t\t\t<div class='gallery-icon landscape'>\n\t\t\t\t<a href='https:\/\/khveitingar.is\/wp-content\/uploads\/2019\/11\/ASC06236-HDR.jpg'><img loading=\"lazy\" decoding=\"async\" width=\"150\" height=\"150\" src=\"https:\/\/khveitingar.is\/wp-content\/uploads\/2019\/11\/ASC06236-HDR-150x150.jpg\" class=\"attachment-thumbnail size-thumbnail\" alt=\"Bj\u00f6rtuloft\" srcset=\"https:\/\/khveitingar.is\/wp-content\/uploads\/2019\/11\/ASC06236-HDR-150x150.jpg 150w, https:\/\/khveitingar.is\/wp-content\/uploads\/2019\/11\/ASC06236-HDR-800x800.jpg 800w, https:\/\/khveitingar.is\/wp-content\/uploads\/2019\/11\/ASC06236-HDR-300x300.jpg 300w, https:\/\/khveitingar.is\/wp-content\/uploads\/2019\/11\/ASC06236-HDR-600x600.jpg 600w\" sizes=\"auto, (max-width: 150px) 100vw, 150px\" \/><\/a>\n\t\t\t<\/div><\/figure><figure class='gallery-item'>\n\t\t\t<div class='gallery-icon landscape'>\n\t\t\t\t<a href='https:\/\/khveitingar.is\/wp-content\/uploads\/2019\/11\/5795.jpg'><img loading=\"lazy\" decoding=\"async\" width=\"150\" height=\"150\" src=\"https:\/\/khveitingar.is\/wp-content\/uploads\/2019\/11\/5795-150x150.jpg\" class=\"attachment-thumbnail size-thumbnail\" alt=\"Bj\u00f6rtuloft\" srcset=\"https:\/\/khveitingar.is\/wp-content\/uploads\/2019\/11\/5795-150x150.jpg 150w, https:\/\/khveitingar.is\/wp-content\/uploads\/2019\/11\/5795-800x797.jpg 800w, https:\/\/khveitingar.is\/wp-content\/uploads\/2019\/11\/5795-300x300.jpg 300w, https:\/\/khveitingar.is\/wp-content\/uploads\/2019\/11\/5795-600x600.jpg 600w\" sizes=\"auto, (max-width: 150px) 100vw, 150px\" \/><\/a>\n\t\t\t<\/div><\/figure><figure class='gallery-item'>\n\t\t\t<div class='gallery-icon landscape'>\n\t\t\t\t<a href='https:\/\/khveitingar.is\/wp-content\/uploads\/2019\/11\/DSC1007.jpg'><img loading=\"lazy\" decoding=\"async\" width=\"150\" height=\"150\" src=\"https:\/\/khveitingar.is\/wp-content\/uploads\/2019\/11\/DSC1007-150x150.jpg\" class=\"attachment-thumbnail size-thumbnail\" alt=\"Bj\u00f6rtuloft\" srcset=\"https:\/\/khveitingar.is\/wp-content\/uploads\/2019\/11\/DSC1007-150x150.jpg 150w, https:\/\/khveitingar.is\/wp-content\/uploads\/2019\/11\/DSC1007-300x300.jpg 300w, https:\/\/khveitingar.is\/wp-content\/uploads\/2019\/11\/DSC1007-600x600.jpg 600w\" sizes=\"auto, (max-width: 150px) 100vw, 150px\" \/><\/a>\n\t\t\t<\/div><\/figure><figure class='gallery-item'>\n\t\t\t<div class='gallery-icon landscape'>\n\t\t\t\t<a href='https:\/\/khveitingar.is\/wp-content\/uploads\/2019\/11\/DSC0998.jpg'><img loading=\"lazy\" decoding=\"async\" width=\"150\" height=\"150\" src=\"https:\/\/khveitingar.is\/wp-content\/uploads\/2019\/11\/DSC0998-150x150.jpg\" class=\"attachment-thumbnail size-thumbnail\" alt=\"Bj\u00f6rtuloft\" srcset=\"https:\/\/khveitingar.is\/wp-content\/uploads\/2019\/11\/DSC0998-150x150.jpg 150w, https:\/\/khveitingar.is\/wp-content\/uploads\/2019\/11\/DSC0998-800x800.jpg 800w, https:\/\/khveitingar.is\/wp-content\/uploads\/2019\/11\/DSC0998-300x300.jpg 300w, https:\/\/khveitingar.is\/wp-content\/uploads\/2019\/11\/DSC0998-600x600.jpg 600w\" sizes=\"auto, (max-width: 150px) 100vw, 150px\" \/><\/a>\n\t\t\t<\/div><\/figure>\n\t\t<\/div>\n<\/p>\n\t<\/div>\n<\/div><div class=\"fw-divider-space  fw-custom-space  fw-tablet-hide-element clearfix\" style=\"height:50px;\" ><\/div><div class=\"fw-divider-space  fw-custom-space  fw-desktop-hide-element fw-tablet-landscape-hide-element fw-mobile-hide-element clearfix\" style=\"height:30px;\" ><\/div>\t\t<\/div>\n\t<\/div>\n<\/div><div id=\"column-69d2b4c857123\" class=\"fw-col-sm-3 fw-mobile-hide-element tf-sh-e92862f3126569a532cb54c2cc5a0b3a\" >\n\t<div class=\"fw-wrap-col-inner clearfix  \"   >\n\t\t\t\t<div class=\"fw-col-inner\">\n\t\t\t\t\t<\/div>\n\t<\/div>\n<\/div><\/div>\n\n<div class=\"fw-row\">\n\t<div id=\"column-69d2b4c85726b\" class=\"fw-col-sm-12 fw-mobile-hide-element tf-sh-16fc3d7be9fe5c615a9dcd2e734f464a\" >\n\t<div class=\"fw-wrap-col-inner clearfix  \"   >\n\t\t\t\t<div class=\"fw-col-inner\">\n\t\t\t<div class=\"fw-divider-space  fw-custom-space  clearfix\" style=\"height:50px;\" ><\/div>\t\t<\/div>\n\t<\/div>\n<\/div><\/div>\n\n\t<\/div>\n\t<\/section><\/p>\n","protected":false},"excerpt":{"rendered":"<p>Seated: Silfurberg &#8211; Nor\u00f0urlj\u00f3s &#8211; Kolabraut &#8211; Bj\u00f6rtuloft &#8211; H\u00e1uloftStanding: H\u00f6rpuhorn &#8211; Fl\u00f3i &#8211; Eyri &#8211; Nor\u00f0urbryggja &#8211; Austurhli\u00f0 Bj\u00f6rtuloft Seated: 130 manns Bj\u00f6rtuloft (Bright Lofts) is located on the top floors of Harpa, at the very summit of the building, offering spectacular views of the city, the sea and Mt. Esja. Bj\u00f6rtuloft makes an [&hellip;]<\/p>\n","protected":false},"author":1,"featured_media":0,"parent":0,"menu_order":0,"comment_status":"closed","ping_status":"closed","template":"visual-builder-template.php","meta":{"footnotes":""},"class_list":["post-1213","page","type-page","status-publish","hentry"],"_links":{"self":[{"href":"https:\/\/khveitingar.is\/en\/wp-json\/wp\/v2\/pages\/1213","targetHints":{"allow":["GET"]}}],"collection":[{"href":"https:\/\/khveitingar.is\/en\/wp-json\/wp\/v2\/pages"}],"about":[{"href":"https:\/\/khveitingar.is\/en\/wp-json\/wp\/v2\/types\/page"}],"author":[{"embeddable":true,"href":"https:\/\/khveitingar.is\/en\/wp-json\/wp\/v2\/users\/1"}],"replies":[{"embeddable":true,"href":"https:\/\/khveitingar.is\/en\/wp-json\/wp\/v2\/comments?post=1213"}],"version-history":[{"count":5,"href":"https:\/\/khveitingar.is\/en\/wp-json\/wp\/v2\/pages\/1213\/revisions"}],"predecessor-version":[{"id":1409,"href":"https:\/\/khveitingar.is\/en\/wp-json\/wp\/v2\/pages\/1213\/revisions\/1409"}],"wp:attachment":[{"href":"https:\/\/khveitingar.is\/en\/wp-json\/wp\/v2\/media?parent=1213"}],"curies":[{"name":"wp","href":"https:\/\/api.w.org\/{rel}","templated":true}]}}